{"id":9,"date":"2014-04-28T01:57:13","date_gmt":"2014-04-28T01:57:13","guid":{"rendered":"http:\/\/kumonlidice.com.br\/portal\/?page_id=9"},"modified":"2022-04-04T23:44:19","modified_gmt":"2022-04-05T02:44:19","slug":"metodo-kumon","status":"publish","type":"page","link":"https:\/\/kumonlidice.com.br\/portal\/metodo-kumon\/","title":{"rendered":"M\u00e9todo Kumon"},"content":{"rendered":"<p>&nbsp;<\/p>\n<p style=\"text-align: center;\"><a href=\"https:\/\/kumonlidice.com.br\/portal\/wp-content\/uploads\/2014\/04\/Arvore.jpeg\"><img fetchpriority=\"high\" decoding=\"async\" class=\"alignleft wp-image-40\" src=\"https:\/\/kumonlidice.com.br\/portal\/wp-content\/uploads\/2014\/04\/Arvore.jpeg\" alt=\"Arvore\" width=\"425\" height=\"536\" \/><\/a><\/p>\n<p style=\"text-align: justify;\">O Kumon \u00e9 uma metodologia que visa incentivar na crian\u00e7a a autonomia nos estudos, buscando fortalecer o potencial de aprendizado de cada um. Por meio de um processo de aprendizagem planejado e individualizado, o aluno se torna confiante e capaz de enfrentar sozinho o desafio da conquista do conhecimento.<br \/>\nCriado por um professor de matem\u00e1tica e pai, preocupado com o processo de aprendizagem do filho, o m\u00e9todo Kumon estimula o aluno a gostar de aprender e a se sentir seguro no processo de aprendizagem.<\/p>\n<h4 style=\"text-align: justify;\">No Kumon, o pr\u00f3prio aluno desenvolve sua capacidade<\/h4>\n<p style=\"text-align: justify;\">A grande inova\u00e7\u00e3o do m\u00e9todo Kumon est\u00e1 no fato de n\u00e3o se ensinar ao aluno como resolver o material proposto. Ele \u00e9 estruturado de forma a fazer com que o aluno solucione os exerc\u00edcios sozinho.Independente de idade ou da s\u00e9rie escolar em que seu filho esteja, ele come\u00e7ar\u00e1 os estudos por quest\u00f5es simples para, aos poucos, passar a ter contato com quest\u00f5es mais complexas, sempre adequadas \u00e0 sua capacidade. Desta forma ele ter\u00e1 sempre condi\u00e7\u00f5es de alcan\u00e7ar a nota 100 (nota m\u00e1xima). O objetivo \u00e9 desenvolver no aluno a autoconfian\u00e7a, o interesse em estudar e aprender por si at\u00e9 que consiga chegar ao seu desempenho m\u00e1ximo. Assim, em cada estudo realizado, ele poder\u00e1 sentir a satisfa\u00e7\u00e3o e dizer para si mesmo: \u201cEu consegui!\u201d, experimentando a alegria de aprender e de expandir, cada vez mais, sua pr\u00f3pria capacidade.<\/p>\n<h4 style=\"text-align: justify;\">QUEM PODE ESTUDAR NO KUMON?<\/h4>\n<p style=\"text-align: justify;\">Qualquer pessoa pode matricular-se . O material did\u00e1tico est\u00e1 estruturado de tal forma que se adapta \u00e0s necessidades de cada aluno.<\/p>\n<p style=\"text-align: justify;\">\n","protected":false},"excerpt":{"rendered":"<p>&nbsp; O Kumon \u00e9 uma metodologia que visa incentivar na crian\u00e7a a autonomia nos estudos, buscando fortalecer o potencial de aprendizado de cada um. Por meio de um processo de aprendizagem planejado e individualizado, o aluno se torna confiante e capaz de enfrentar sozinho o desafio da conquista do conhecimento. Criado por um professor de &#8230; <a title=\"M\u00e9todo Kumon\" class=\"read-more\" href=\"https:\/\/kumonlidice.com.br\/portal\/metodo-kumon\/\" aria-label=\"More on M\u00e9todo Kumon\">Ler mais<\/a><\/p>\n","protected":false},"author":1,"featured_media":40,"parent":0,"menu_order":20,"comment_status":"closed","ping_status":"closed","template":"","meta":{"footnotes":""},"class_list":["post-9","page","type-page","status-publish","has-post-thumbnail"],"_links":{"self":[{"href":"https:\/\/kumonlidice.com.br\/portal\/wp-json\/wp\/v2\/pages\/9","targetHints":{"allow":["GET"]}}],"collection":[{"href":"https:\/\/kumonlidice.com.br\/portal\/wp-json\/wp\/v2\/pages"}],"about":[{"href":"https:\/\/kumonlidice.com.br\/portal\/wp-json\/wp\/v2\/types\/page"}],"author":[{"embeddable":true,"href":"https:\/\/kumonlidice.com.br\/portal\/wp-json\/wp\/v2\/users\/1"}],"replies":[{"embeddable":true,"href":"https:\/\/kumonlidice.com.br\/portal\/wp-json\/wp\/v2\/comments?post=9"}],"version-history":[{"count":1,"href":"https:\/\/kumonlidice.com.br\/portal\/wp-json\/wp\/v2\/pages\/9\/revisions"}],"predecessor-version":[{"id":1727,"href":"https:\/\/kumonlidice.com.br\/portal\/wp-json\/wp\/v2\/pages\/9\/revisions\/1727"}],"wp:featuredmedia":[{"embeddable":true,"href":"https:\/\/kumonlidice.com.br\/portal\/wp-json\/"}],"wp:attachment":[{"href":"https:\/\/kumonlidice.com.br\/portal\/wp-json\/wp\/v2\/media?parent=9"}],"curies":[{"name":"wp","href":"https:\/\/api.w.org\/{rel}","templated":true}]}}