{"id":857,"date":"2014-04-28T15:27:50","date_gmt":"2014-04-28T15:27:50","guid":{"rendered":"http:\/\/kumonlidice.com.br\/portal\/?page_id=118"},"modified":"2022-04-21T23:53:22","modified_gmt":"2022-04-22T02:53:22","slug":"noticias","status":"publish","type":"page","link":"https:\/\/kumonlidice.com.br\/portal\/noticias\/","title":{"rendered":"Not\u00edcias"},"content":{"rendered":"\t\t<div data-elementor-type=\"wp-page\" data-elementor-id=\"857\" class=\"elementor elementor-857\" data-elementor-post-type=\"page\">\n\t\t\t\t\t\t<section class=\"elementor-section elementor-top-section elementor-element elementor-element-6d47c825 elementor-section-boxed elementor-section-height-default elementor-section-height-default\" data-id=\"6d47c825\" data-element_type=\"section\">\n\t\t\t\t\t\t<div class=\"elementor-container elementor-column-gap-default\">\n\t\t\t\t\t<div class=\"elementor-column elementor-col-100 elementor-top-column elementor-element elementor-element-6310fbf0\" data-id=\"6310fbf0\" data-element_type=\"column\">\n\t\t\t<div class=\"elementor-widget-wrap elementor-element-populated\">\n\t\t\t\t\t\t<div class=\"elementor-element elementor-element-45da3463 elementor-widget elementor-widget-text-editor\" data-id=\"45da3463\" data-element_type=\"widget\" data-widget_type=\"text-editor.default\">\n\t\t\t\t<div class=\"elementor-widget-container\">\n\t\t\t\t\t\t\t\t\t\n\t\t\t\t\t\t\t\t\t\t\t\t\t\t<\/div>\n\t\t\t\t<\/div>\n\t\t\t\t\t<\/div>\n\t\t<\/div>\n\t\t\t\t\t<\/div>\n\t\t<\/section>\n\t\t\t\t<section class=\"elementor-section elementor-top-section elementor-element elementor-element-361da97 elementor-section-boxed elementor-section-height-default elementor-section-height-default\" data-id=\"361da97\" data-element_type=\"section\">\n\t\t\t\t\t\t<div class=\"elementor-container elementor-column-gap-default\">\n\t\t\t\t\t<div class=\"elementor-column elementor-col-100 elementor-top-column elementor-element elementor-element-51a69cb\" data-id=\"51a69cb\" data-element_type=\"column\">\n\t\t\t<div class=\"elementor-widget-wrap elementor-element-populated\">\n\t\t\t\t\t\t<div class=\"elementor-element elementor-element-a9bc52c elementor-grid-eael-col-3 elementor-grid-tablet-eael-col-2 elementor-grid-mobile-eael-col-1 elementor-widget elementor-widget-eael-post-grid\" data-id=\"a9bc52c\" data-element_type=\"widget\" data-settings=\"{&quot;eael_post_grid_columns&quot;:&quot;eael-col-3&quot;,&quot;eael_post_grid_columns_tablet&quot;:&quot;eael-col-2&quot;,&quot;eael_post_grid_columns_mobile&quot;:&quot;eael-col-1&quot;}\" data-widget_type=\"eael-post-grid.default\">\n\t\t\t\t<div class=\"elementor-widget-container\">\n\t\t\t\t\t<div id=\"eael-post-grid-a9bc52c\" class=\"eael-post-grid-container\">\n            <div class=\"eael-post-grid eael-post-appender eael-post-appender-a9bc52c eael-post-grid-style-one\" data-layout-mode=\"grid\"><article class=\"eael-grid-post eael-post-grid-column\" data-id=\"2062\">\n        <div class=\"eael-grid-post-holder\">\n            <div class=\"eael-grid-post-holder-inner\"><div class=\"eael-entry-media\"><div class=\"eael-entry-overlay fade-in\"><i class=\"fas fa-long-arrow-alt-right\" aria-hidden=\"true\"><\/i><a href=\"https:\/\/kumonlidice.com.br\/portal\/24-anos-kumon-lidice\/\"><\/a><\/div><div class=\"eael-entry-thumbnail \">\n                <img fetchpriority=\"high\" decoding=\"async\" width=\"608\" height=\"1080\" src=\"https:\/\/kumonlidice.com.br\/portal\/wp-content\/uploads\/2022\/08\/postsite24do08.png\" class=\"attachment-full size-full wp-image-2063\" alt=\"\" srcset=\"https:\/\/kumonlidice.com.br\/portal\/wp-content\/uploads\/2022\/08\/postsite24do08.png 608w, https:\/\/kumonlidice.com.br\/portal\/wp-content\/uploads\/2022\/08\/postsite24do08-169x300.png 169w, https:\/\/kumonlidice.com.br\/portal\/wp-content\/uploads\/2022\/08\/postsite24do08-576x1024.png 576w\" sizes=\"(max-width: 608px) 100vw, 608px\" \/>\n            <\/div>\n        <\/div><div class=\"eael-entry-wrapper\"><header class=\"eael-entry-header\"><h2 class=\"eael-entry-title\"><a class=\"eael-grid-post-link\" href=\"https:\/\/kumonlidice.com.br\/portal\/24-anos-kumon-lidice\/\" title=\"24 anos Kumon L\u00eddice\">24 anos Kumon L\u00eddice<\/a><\/h2><\/header><div class=\"eael-entry-content\">\n                        <div class=\"eael-grid-post-excerpt\"><p>Ler mais<\/p><a href=\"https:\/\/kumonlidice.com.br\/portal\/24-anos-kumon-lidice\/\" class=\"eael-post-elements-readmore-btn\">Saiba +<\/a><\/div>\n                    <\/div><\/div><\/div>\n        <\/div>\n    <\/article><article class=\"eael-grid-post eael-post-grid-column\" data-id=\"2057\">\n        <div class=\"eael-grid-post-holder\">\n            <div class=\"eael-grid-post-holder-inner\"><div class=\"eael-entry-media\"><div class=\"eael-entry-overlay fade-in\"><i class=\"fas fa-long-arrow-alt-right\" aria-hidden=\"true\"><\/i><a href=\"https:\/\/kumonlidice.com.br\/portal\/matriculas-gratis\/\"><\/a><\/div><div class=\"eael-entry-thumbnail \">\n                <img decoding=\"async\" width=\"851\" height=\"315\" src=\"https:\/\/kumonlidice.com.br\/portal\/wp-content\/uploads\/2022\/08\/postsite-noticia-10do8.jpeg\" class=\"attachment-full size-full wp-image-2058\" alt=\"\" srcset=\"https:\/\/kumonlidice.com.br\/portal\/wp-content\/uploads\/2022\/08\/postsite-noticia-10do8.jpeg 851w, https:\/\/kumonlidice.com.br\/portal\/wp-content\/uploads\/2022\/08\/postsite-noticia-10do8-300x111.jpeg 300w, https:\/\/kumonlidice.com.br\/portal\/wp-content\/uploads\/2022\/08\/postsite-noticia-10do8-768x284.jpeg 768w\" sizes=\"(max-width: 851px) 100vw, 851px\" \/>\n            <\/div>\n        <\/div><div class=\"eael-entry-wrapper\"><header class=\"eael-entry-header\"><h2 class=\"eael-entry-title\"><a class=\"eael-grid-post-link\" href=\"https:\/\/kumonlidice.com.br\/portal\/matriculas-gratis\/\" title=\"Matr\u00edculas gr\u00e1tis\">Matr\u00edculas gr\u00e1tis<\/a><\/h2><\/header><div class=\"eael-entry-content\">\n                        <div class=\"eael-grid-post-excerpt\"><p>Ler mais<\/p><a href=\"https:\/\/kumonlidice.com.br\/portal\/matriculas-gratis\/\" class=\"eael-post-elements-readmore-btn\">Saiba +<\/a><\/div>\n                    <\/div><\/div><\/div>\n        <\/div>\n    <\/article><article class=\"eael-grid-post eael-post-grid-column\" data-id=\"2053\">\n        <div class=\"eael-grid-post-holder\">\n            <div class=\"eael-grid-post-holder-inner\"><div class=\"eael-entry-media\"><div class=\"eael-entry-overlay fade-in\"><i class=\"fas fa-long-arrow-alt-right\" aria-hidden=\"true\"><\/i><a href=\"https:\/\/kumonlidice.com.br\/portal\/2053-2\/\"><\/a><\/div><div class=\"eael-entry-thumbnail \">\n                <img decoding=\"async\" width=\"1080\" height=\"1080\" src=\"https:\/\/kumonlidice.com.br\/portal\/wp-content\/uploads\/2022\/07\/postsite21do7.jpg\" class=\"attachment-full size-full wp-image-2034\" alt=\"\" srcset=\"https:\/\/kumonlidice.com.br\/portal\/wp-content\/uploads\/2022\/07\/postsite21do7.jpg 1080w, https:\/\/kumonlidice.com.br\/portal\/wp-content\/uploads\/2022\/07\/postsite21do7-300x300.jpg 300w, https:\/\/kumonlidice.com.br\/portal\/wp-content\/uploads\/2022\/07\/postsite21do7-1024x1024.jpg 1024w, https:\/\/kumonlidice.com.br\/portal\/wp-content\/uploads\/2022\/07\/postsite21do7-150x150.jpg 150w, https:\/\/kumonlidice.com.br\/portal\/wp-content\/uploads\/2022\/07\/postsite21do7-768x768.jpg 768w\" sizes=\"(max-width: 1080px) 100vw, 1080px\" \/>\n            <\/div>\n        <\/div><div class=\"eael-entry-wrapper\"><header class=\"eael-entry-header\"><h2 class=\"eael-entry-title\"><a class=\"eael-grid-post-link\" href=\"https:\/\/kumonlidice.com.br\/portal\/2053-2\/\" title=\"Matem\u00e1tica no Kumon\">Matem\u00e1tica no Kumon<\/a><\/h2><\/header><div class=\"eael-entry-content\">\n                        <div class=\"eael-grid-post-excerpt\"><p>Ler mais<\/p><a href=\"https:\/\/kumonlidice.com.br\/portal\/2053-2\/\" class=\"eael-post-elements-readmore-btn\">Saiba +<\/a><\/div>\n                    <\/div><\/div><\/div>\n        <\/div>\n    <\/article><article class=\"eael-grid-post eael-post-grid-column\" data-id=\"744\">\n        <div class=\"eael-grid-post-holder\">\n            <div class=\"eael-grid-post-holder-inner\"><div class=\"eael-entry-media\"><div class=\"eael-entry-overlay fade-in\"><i class=\"fas fa-long-arrow-alt-right\" aria-hidden=\"true\"><\/i><a href=\"https:\/\/kumonlidice.com.br\/portal\/matriculas-sempre-abertas\/\"><\/a><\/div><div class=\"eael-entry-thumbnail \">\n                <img loading=\"lazy\" decoding=\"async\" width=\"878\" height=\"494\" src=\"https:\/\/kumonlidice.com.br\/portal\/wp-content\/uploads\/2019\/07\/SAM_100_7345.jpg\" class=\"attachment-full size-full wp-image-812\" alt=\"\" srcset=\"https:\/\/kumonlidice.com.br\/portal\/wp-content\/uploads\/2019\/07\/SAM_100_7345.jpg 878w, https:\/\/kumonlidice.com.br\/portal\/wp-content\/uploads\/2019\/07\/SAM_100_7345-300x169.jpg 300w, https:\/\/kumonlidice.com.br\/portal\/wp-content\/uploads\/2019\/07\/SAM_100_7345-768x432.jpg 768w\" sizes=\"(max-width: 878px) 100vw, 878px\" \/>\n            <\/div>\n        <\/div><div class=\"eael-entry-wrapper\"><header class=\"eael-entry-header\"><h2 class=\"eael-entry-title\"><a class=\"eael-grid-post-link\" href=\"https:\/\/kumonlidice.com.br\/portal\/matriculas-sempre-abertas\/\" title=\"Matr\u00edculas sempre abertas!\">Matr\u00edculas sempre abertas!<\/a><\/h2><\/header><div class=\"eael-entry-content\">\n                        <div class=\"eael-grid-post-excerpt\"><p>&nbsp;<\/p><a href=\"https:\/\/kumonlidice.com.br\/portal\/matriculas-sempre-abertas\/\" class=\"eael-post-elements-readmore-btn\">Saiba +<\/a><\/div>\n                    <\/div><\/div><\/div>\n        <\/div>\n    <\/article><article class=\"eael-grid-post eael-post-grid-column\" data-id=\"738\">\n        <div class=\"eael-grid-post-holder\">\n            <div class=\"eael-grid-post-holder-inner\"><div class=\"eael-entry-media\"><div class=\"eael-entry-overlay fade-in\"><i class=\"fas fa-long-arrow-alt-right\" aria-hidden=\"true\"><\/i><a href=\"https:\/\/kumonlidice.com.br\/portal\/19a-homenagem-kumon-lidice\/\"><\/a><\/div><div class=\"eael-entry-thumbnail \">\n                <img loading=\"lazy\" decoding=\"async\" width=\"1024\" height=\"683\" src=\"https:\/\/kumonlidice.com.br\/portal\/wp-content\/uploads\/2018\/03\/KUMON-375.jpg\" class=\"attachment-full size-full wp-image-739\" alt=\"\" srcset=\"https:\/\/kumonlidice.com.br\/portal\/wp-content\/uploads\/2018\/03\/KUMON-375.jpg 1024w, https:\/\/kumonlidice.com.br\/portal\/wp-content\/uploads\/2018\/03\/KUMON-375-300x200.jpg 300w, https:\/\/kumonlidice.com.br\/portal\/wp-content\/uploads\/2018\/03\/KUMON-375-768x512.jpg 768w\" sizes=\"(max-width: 1024px) 100vw, 1024px\" \/>\n            <\/div>\n        <\/div><div class=\"eael-entry-wrapper\"><header class=\"eael-entry-header\"><h2 class=\"eael-entry-title\"><a class=\"eael-grid-post-link\" href=\"https:\/\/kumonlidice.com.br\/portal\/19a-homenagem-kumon-lidice\/\" title=\"19\u00aa Homenagem Kumon L\u00eddice\">19\u00aa Homenagem Kumon L\u00eddice<\/a><\/h2><\/header><div class=\"eael-entry-content\">\n                        <div class=\"eael-grid-post-excerpt\"><p>Na noite de 07 de mar\u00e7o de 2018, foi realizada...<\/p><a href=\"https:\/\/kumonlidice.com.br\/portal\/19a-homenagem-kumon-lidice\/\" class=\"eael-post-elements-readmore-btn\">Saiba +<\/a><\/div>\n                    <\/div><\/div><\/div>\n        <\/div>\n    <\/article><article class=\"eael-grid-post eael-post-grid-column\" data-id=\"700\">\n        <div class=\"eael-grid-post-holder\">\n            <div class=\"eael-grid-post-holder-inner\"><div class=\"eael-entry-media\"><div class=\"eael-entry-overlay fade-in\"><i class=\"fas fa-long-arrow-alt-right\" aria-hidden=\"true\"><\/i><a href=\"https:\/\/kumonlidice.com.br\/portal\/kumon-40-anos-na-america-do-sul-em-5-regioes\/\"><\/a><\/div><div class=\"eael-entry-thumbnail \">\n                <img loading=\"lazy\" decoding=\"async\" width=\"960\" height=\"720\" src=\"https:\/\/kumonlidice.com.br\/portal\/wp-content\/uploads\/2017\/02\/176.jpg\" class=\"attachment-full size-full wp-image-701\" alt=\"\" srcset=\"https:\/\/kumonlidice.com.br\/portal\/wp-content\/uploads\/2017\/02\/176.jpg 960w, https:\/\/kumonlidice.com.br\/portal\/wp-content\/uploads\/2017\/02\/176-300x225.jpg 300w, https:\/\/kumonlidice.com.br\/portal\/wp-content\/uploads\/2017\/02\/176-768x576.jpg 768w\" sizes=\"(max-width: 960px) 100vw, 960px\" \/>\n            <\/div>\n        <\/div><div class=\"eael-entry-wrapper\"><header class=\"eael-entry-header\"><h2 class=\"eael-entry-title\"><a class=\"eael-grid-post-link\" href=\"https:\/\/kumonlidice.com.br\/portal\/kumon-40-anos-na-america-do-sul-em-5-regioes\/\" title=\"Kumon, 40 anos na Am\u00e9rica do Sul, em 5 Regi\u00f5es!\">Kumon, 40 anos na Am\u00e9rica do Sul, em 5 Regi\u00f5es!<\/a><\/h2><\/header><div class=\"eael-entry-content\">\n                        <div class=\"eael-grid-post-excerpt\"><p><\/p><a href=\"https:\/\/kumonlidice.com.br\/portal\/kumon-40-anos-na-america-do-sul-em-5-regioes\/\" class=\"eael-post-elements-readmore-btn\">Saiba +<\/a><\/div>\n                    <\/div><\/div><\/div>\n        <\/div>\n    <\/article><\/div>\n            <div class=\"clearfix\"><\/div>\n        <\/div>            <div class=\"eael-load-more-button-wrap\">\n                <button class=\"eael-load-more-button\" id=\"eael-load-more-btn-a9bc52c\" data-widget-id=\"a9bc52c\" data-widget=\"a9bc52c\" data-page-id=\"857\" data-template=\"{&quot;dir&quot;:&quot;lite&quot;,&quot;file_name&quot;:&quot;one.php&quot;,&quot;name&quot;:&quot;Post-Grid&quot;}\" data-class=\"Essential_Addons_Elementor\\Elements\\Post_Grid\" data-layout=\"grid\" data-page=\"1\" data-args=\"orderby=date&amp;order=desc&amp;ignore_sticky_posts=1&amp;post_status=publish&amp;posts_per_page=6&amp;offset=0&amp;post_type=post&amp;tax_query%5B0%5D%5Btaxonomy%5D=category&amp;tax_query%5B0%5D%5Bfield%5D=term_id&amp;tax_query%5B0%5D%5Bterms%5D%5B0%5D=7&amp;tax_query%5Brelation%5D=AND\" data-max-page=\"3\">\n                    <span class=\"eael-btn-loader button__loader\"><\/span>\n                    <span class=\"eael_load_more_text\">Mostrar outras<\/span>\n                <\/button>\n            <\/div>\n            \t\t\t\t<\/div>\n\t\t\t\t<\/div>\n\t\t\t\t\t<\/div>\n\t\t<\/div>\n\t\t\t\t\t<\/div>\n\t\t<\/section>\n\t\t\t\t<\/div>\n\t\t","protected":false},"excerpt":{"rendered":"<p>Matr\u00edculas sempre abertas! [metaslider id=728][youtube_sc url=&#8221;https:\/\/youtu.be\/0YdwKqzQsho&#8221;] Saiba + 19\u00aa Homenagem Kumon L\u00eddice Na noite de 07 de mar\u00e7o de 2018, foi realizada&#8230; Saiba + Kumon, 40 anos na Am\u00e9rica do Sul, em 5 Regi\u00f5es! Saiba + #eufa\u00e7okumon Saiba + 17\u00aa Homenagem Kumon L\u00eddice &#8211; 2016 Assista ao clipe exibido no evento que foi um sucesso&#8230; &#8230; <a title=\"Kumon, 40 anos na Am\u00e9rica do Sul, em 5 Regi\u00f5es!\" class=\"read-more\" href=\"https:\/\/kumonlidice.com.br\/portal\/kumon-40-anos-na-america-do-sul-em-5-regioes\/\" aria-label=\"More on Kumon, 40 anos na Am\u00e9rica do Sul, em 5 Regi\u00f5es!\">Ler mais<\/a><\/p>\n","protected":false},"author":1,"featured_media":739,"parent":0,"menu_order":0,"comment_status":"open","ping_status":"open","template":"","meta":{"footnotes":""},"class_list":["post-857","page","type-page","status-publish","has-post-thumbnail","hentry"],"_links":{"self":[{"href":"https:\/\/kumonlidice.com.br\/portal\/wp-json\/wp\/v2\/pages\/857","targetHints":{"allow":["GET"]}}],"collection":[{"href":"https:\/\/kumonlidice.com.br\/portal\/wp-json\/wp\/v2\/pages"}],"about":[{"href":"https:\/\/kumonlidice.com.br\/portal\/wp-json\/wp\/v2\/types\/page"}],"author":[{"embeddable":true,"href":"https:\/\/kumonlidice.com.br\/portal\/wp-json\/wp\/v2\/users\/1"}],"replies":[{"embeddable":true,"href":"https:\/\/kumonlidice.com.br\/portal\/wp-json\/wp\/v2\/comments?post=857"}],"version-history":[{"count":33,"href":"https:\/\/kumonlidice.com.br\/portal\/wp-json\/wp\/v2\/pages\/857\/revisions"}],"predecessor-version":[{"id":1886,"href":"https:\/\/kumonlidice.com.br\/portal\/wp-json\/wp\/v2\/pages\/857\/revisions\/1886"}],"wp:featuredmedia":[{"embeddable":true,"href":"https:\/\/kumonlidice.com.br\/portal\/wp-json\/wp\/v2\/media\/739"}],"wp:attachment":[{"href":"https:\/\/kumonlidice.com.br\/portal\/wp-json\/wp\/v2\/media?parent=857"}],"curies":[{"name":"wp","href":"https:\/\/api.w.org\/{rel}","templated":true}]}}