{"id":856,"date":"2014-04-28T15:20:08","date_gmt":"2014-04-28T15:20:08","guid":{"rendered":"http:\/\/kumonlidice.com.br\/portal\/?page_id=111"},"modified":"2022-04-04T23:48:49","modified_gmt":"2022-04-05T02:48:49","slug":"ensino-fundamental-1","status":"publish","type":"page","link":"https:\/\/kumonlidice.com.br\/portal\/etapas-do-ensino\/ensino-fundamental-1\/","title":{"rendered":"Ensino Fundamental 1"},"content":{"rendered":"<h3>Tranquilidade no Ensino Fundamental 1<\/h3>\n<p style=\"text-align: justify;\">Se voc\u00ea quer que seu filho adquira o h\u00e1bito de estudar antes mesmo de entrar na escola e que ele n\u00e3o encontre dificuldades no Ensino Fundamental 1, matricule-o no Kumon.<\/p>\n<p style=\"text-align: justify;\">No m\u00e9todo Kumon, a crian\u00e7a come\u00e7a a estudar por assuntos f\u00e1ceis e vai evoluindo gradualmente, passo a passo, sentindo prazer em cada etapa. Estudando um pouquinho todos os dias, seu filho desenvolver\u00e1 naturalmente o h\u00e1bito de estudar. E como no Kumon ele ir\u00e1 avan\u00e7ar nos conte\u00fados independente da idade em que esteja, poder\u00e1 aprender assuntos que estudar\u00e1 mais \u00e0 frente, no Ensino Fundamental 1.<\/p>\n","protected":false},"excerpt":{"rendered":"<p>Tranquilidade no Ensino Fundamental 1 Se voc\u00ea quer que seu filho adquira o h\u00e1bito de estudar antes mesmo de entrar na escola e que ele n\u00e3o encontre dificuldades no Ensino Fundamental 1, matricule-o no Kumon. No m\u00e9todo Kumon, a crian\u00e7a come\u00e7a a estudar por assuntos f\u00e1ceis e vai evoluindo gradualmente, passo a passo, sentindo prazer &#8230; <a title=\"Ensino Fundamental 1\" class=\"read-more\" href=\"https:\/\/kumonlidice.com.br\/portal\/etapas-do-ensino\/ensino-fundamental-1\/\" aria-label=\"More on Ensino Fundamental 1\">Ler mais<\/a><\/p>\n","protected":false},"author":1,"featured_media":0,"parent":28,"menu_order":20,"comment_status":"closed","ping_status":"closed","template":"","meta":{"footnotes":""},"class_list":["post-856","page","type-page","status-publish"],"_links":{"self":[{"href":"https:\/\/kumonlidice.com.br\/portal\/wp-json\/wp\/v2\/pages\/856","targetHints":{"allow":["GET"]}}],"collection":[{"href":"https:\/\/kumonlidice.com.br\/portal\/wp-json\/wp\/v2\/pages"}],"about":[{"href":"https:\/\/kumonlidice.com.br\/portal\/wp-json\/wp\/v2\/types\/page"}],"author":[{"embeddable":true,"href":"https:\/\/kumonlidice.com.br\/portal\/wp-json\/wp\/v2\/users\/1"}],"replies":[{"embeddable":true,"href":"https:\/\/kumonlidice.com.br\/portal\/wp-json\/wp\/v2\/comments?post=856"}],"version-history":[{"count":1,"href":"https:\/\/kumonlidice.com.br\/portal\/wp-json\/wp\/v2\/pages\/856\/revisions"}],"predecessor-version":[{"id":1737,"href":"https:\/\/kumonlidice.com.br\/portal\/wp-json\/wp\/v2\/pages\/856\/revisions\/1737"}],"up":[{"embeddable":true,"href":"https:\/\/kumonlidice.com.br\/portal\/wp-json\/wp\/v2\/pages\/28"}],"wp:attachment":[{"href":"https:\/\/kumonlidice.com.br\/portal\/wp-json\/wp\/v2\/media?parent=856"}],"curies":[{"name":"wp","href":"https:\/\/api.w.org\/{rel}","templated":true}]}}