{"id":850,"date":"2014-04-28T02:09:27","date_gmt":"2014-04-28T02:09:27","guid":{"rendered":"http:\/\/kumonlidice.com.br\/portal\/?page_id=24"},"modified":"2022-04-23T13:13:50","modified_gmt":"2022-04-23T16:13:50","slug":"matematica","status":"publish","type":"page","link":"https:\/\/kumonlidice.com.br\/portal\/metodo-kumon\/matematica\/","title":{"rendered":"Matem\u00e1tica"},"content":{"rendered":"<h3>Kumon de Matem\u00e1tica<\/h3>\n<header class=\"cHeader\">Se voc\u00ea quiser desenvolver desde j\u00e1 a capacidade do seu filho para lidar com n\u00fameros ou quer que seu filho melhore o desempenho na disciplina de Matem\u00e1tica, o m\u00e9todo Kumon atende a estes desejos.<\/p>\n<p class=\"lead\">\n<\/header>\n<div class=\"body\">\n<section class=\"summaryMaterials\">\n<h4 style=\"color: #0165ba;\">Material did\u00e1tico elaborado para aprimorar o quanto antes a capacidade de seu filho<\/h4>\n<p>A inova\u00e7\u00e3o do m\u00e9todo Kumon est\u00e1 no fato de n\u00e3o se ensinar ao aluno como resolver o material proposto. Ele \u00e9 estruturado de forma a fazer com que o aluno chegue \u00e0 solu\u00e7\u00e3o dos exerc\u00edcios sozinho, desenvolvendo, assim, sua capacidade de racioc\u00ednio.<\/p>\n<p><img fetchpriority=\"high\" decoding=\"async\" class=\"aligncenter wp-image-65\" src=\"https:\/\/kumonlidice.com.br\/portal\/wp-content\/uploads\/2014\/04\/img_matematica01.jpg\" alt=\"img_matematica01\" width=\"768\" height=\"323\" \/><\/p>\n<p>&nbsp;<\/p>\n<h3>O Kumon desenvolve uma s\u00f3lida capacidade de leitura, resultando em uma melhora do desempenho escolar<\/h3>\n<h3 style=\"color: #0165ba;\"><img decoding=\"async\" class=\"alignnone wp-image-82 size-full\" src=\"https:\/\/kumonlidice.com.br\/portal\/wp-content\/uploads\/2014\/04\/h1_matematica01.gif\" alt=\"h1_matematica01\" width=\"46\" height=\"46\" \/>Desenvolvimento da capacidade de calcular com exatid\u00e3o e rapidez<\/h3>\n<p style=\"text-align: justify;\">Em Matem\u00e1tica, os conte\u00fados s\u00e3o totalmente interligados: quem n\u00e3o domina tabuada, ter\u00e1 s\u00e9rias dificuldades em realizar contas de divis\u00e3o. Por isso, para seguir evoluindo tranquilamente mesmo em conte\u00fados mais complexos, \u00e9 importante possuir habilidades b\u00e1sicas, como calcular correta e rapidamente contas como adi\u00e7\u00e3o de 1 algarismo + 1 algarismo. O m\u00e9todo Kumon trabalha estas habilidades, sempre tendo o tempo de resolu\u00e7\u00e3o como um referencial. As crian\u00e7as estudam tendo como objetivo conseguir resolver os exerc\u00edcios dentro de um tempo determinado, desenvolvendo, assim, a capacidade de calcular com rapidez e exatid\u00e3o.<\/p>\n<h3 style=\"color: #0165ba;\"><img decoding=\"async\" class=\"alignnone size-full wp-image-81\" src=\"https:\/\/kumonlidice.com.br\/portal\/wp-content\/uploads\/2014\/04\/h1_matematica02.gif\" alt=\"h1_matematica02\" width=\"46\" height=\"46\" \/>Desenvolvimento da capacidade de calcular conforme as regras de c\u00e1lculo<\/h3>\n<p style=\"text-align: justify;\">Nos c\u00e1lculos matem\u00e1ticos, existem procedimentos e regras que devem ser seguidos. O m\u00e9todo Kumon, ao apresentar inicialmente opera\u00e7\u00f5es f\u00e1ceis, permite que o aluno v\u00e1 percebendo as regras e tenha seguran\u00e7a em aplic\u00e1-las.<\/p>\n<h3 style=\"color: #0165ba;\"><img loading=\"lazy\" decoding=\"async\" class=\"alignnone size-full wp-image-80\" src=\"https:\/\/kumonlidice.com.br\/portal\/wp-content\/uploads\/2014\/04\/h1_matematica03.gif\" alt=\"h1_matematica03\" width=\"46\" height=\"46\" \/>Desenvolvimento da capacidade de autocorre\u00e7\u00e3o, seguindo o racioc\u00ednio usado na resolu\u00e7\u00e3o<\/h3>\n<p style=\"text-align: justify;\">No Kumon, quando o aluno comete um erro, ele n\u00e3o apaga toda a resolu\u00e7\u00e3o para depois refaz\u00ea-la. Isto porque \u00e9 importante que o aluno tente revisar a resolu\u00e7\u00e3o para conseguir detectar por si onde errou, corrigindo somente esse trecho. Essa forma de corrigir faz o aluno aproveitar o c\u00e1lculo feito anteriormente, percebendo como o erro se liga \u00e0 resolu\u00e7\u00e3o e tamb\u00e9m o tipo de erro que tende a cometer. Desenvolve, assim, uma capacidade de racioc\u00ednio l\u00f3gico agu\u00e7ada.<\/p>\n<h3 style=\"color: #0165ba;\"><img loading=\"lazy\" decoding=\"async\" class=\"alignnone size-full wp-image-79\" src=\"https:\/\/kumonlidice.com.br\/portal\/wp-content\/uploads\/2014\/04\/h1_matematica04.gif\" alt=\"h1_matematica04\" width=\"46\" height=\"46\" \/>Desenvolvimento da capacidade de resolver mesmo os assuntos novos por si<\/h3>\n<p style=\"text-align: justify;\">No m\u00e9todo Kumon, mesmo quando a crian\u00e7a se depara com assuntos ainda n\u00e3o estudados, ela \u00e9 estimulada a aplicar a capacidade de c\u00e1lculos desenvolvida at\u00e9 ent\u00e3o e guiar-se pelos exemplos criados para possibilitar a assimila\u00e7\u00e3o de modo autoinstrutivo para chegar ao resultado. S\u00f3 diante de d\u00favidas \u00e9 que o orientador ir\u00e1 intervir, mas sem explicar diretamente ou ensinar a resolu\u00e7\u00e3o \u2013 ele dar\u00e1 dicas e indicar\u00e1 outros exemplos. Estudando dessa forma pelo Kumon, o aluno estar\u00e1 preparado para pensar e buscar as solu\u00e7\u00f5es mesmo quando estiver diante de conte\u00fados novos.<\/p>\n<h3 style=\"color: #0165ba;\"><img loading=\"lazy\" decoding=\"async\" class=\"alignnone size-full wp-image-78\" src=\"https:\/\/kumonlidice.com.br\/portal\/wp-content\/uploads\/2014\/04\/h1_matematica05.gif\" alt=\"h1_matematica05\" width=\"47\" height=\"46\" \/>Al\u00e9m da melhora no desempenho escolar, a continuidade dos estudos desenvolve capacidades \u00fateis para o futuro<\/h3>\n<p style=\"text-align: justify;\">O m\u00e9todo Kumon n\u00e3o ajuda somente na melhora do desempenho escolar. Conforme o aluno estuda no Kumon, desenvolve a capacidade de an\u00e1lise matem\u00e1tica, interpretando o significado das informa\u00e7\u00f5es contidas nos n\u00fameros e f\u00f3rmulas. Desenvolve tamb\u00e9m a capacidade de relacionar os conte\u00fados, fazer associa\u00e7\u00f5es, levantar hip\u00f3teses e tentar solu\u00e7\u00f5es, de modo l\u00f3gico. \u00c9 formada, assim, a capacidade de racioc\u00ednio l\u00f3gico. Essas capacidades formar\u00e3o a capacidade de resolver problemas, t\u00e3o necess\u00e1ria na vida adulta do seu filho.<\/p>\n<p style=\"text-align: justify;\">O aprendizado no Kumon de Matem\u00e1tica se tornar\u00e1 um grande diferencial no futuro.<\/p>\n<p style=\"text-align: justify;\"><img loading=\"lazy\" decoding=\"async\" class=\"aligncenter size-full wp-image-206\" src=\"https:\/\/kumonlidice.com.br\/portal\/wp-content\/uploads\/2014\/04\/conteudos-do-curso-de-matematica.png\" alt=\"conte\u00fados do curso de matem\u00e1tica\" width=\"700\" height=\"490\" \/><\/p>\n<p style=\"text-align: right;\">\n<\/section>\n<\/div>\n","protected":false},"excerpt":{"rendered":"<p>Kumon de Matem\u00e1tica Se voc\u00ea quiser desenvolver desde j\u00e1 a capacidade do seu filho para lidar com n\u00fameros ou quer que seu filho melhore o desempenho na disciplina de Matem\u00e1tica, o m\u00e9todo Kumon atende a estes desejos. Material did\u00e1tico elaborado para aprimorar o quanto antes a capacidade de seu filho A inova\u00e7\u00e3o do m\u00e9todo Kumon &#8230; <a title=\"Matem\u00e1tica\" class=\"read-more\" href=\"https:\/\/kumonlidice.com.br\/portal\/metodo-kumon\/matematica\/\" aria-label=\"More on Matem\u00e1tica\">Ler mais<\/a><\/p>\n","protected":false},"author":1,"featured_media":65,"parent":9,"menu_order":70,"comment_status":"closed","ping_status":"closed","template":"","meta":{"footnotes":""},"class_list":["post-850","page","type-page","status-publish","has-post-thumbnail"],"_links":{"self":[{"href":"https:\/\/kumonlidice.com.br\/portal\/wp-json\/wp\/v2\/pages\/850","targetHints":{"allow":["GET"]}}],"collection":[{"href":"https:\/\/kumonlidice.com.br\/portal\/wp-json\/wp\/v2\/pages"}],"about":[{"href":"https:\/\/kumonlidice.com.br\/portal\/wp-json\/wp\/v2\/types\/page"}],"author":[{"embeddable":true,"href":"https:\/\/kumonlidice.com.br\/portal\/wp-json\/wp\/v2\/users\/1"}],"replies":[{"embeddable":true,"href":"https:\/\/kumonlidice.com.br\/portal\/wp-json\/wp\/v2\/comments?post=850"}],"version-history":[{"count":2,"href":"https:\/\/kumonlidice.com.br\/portal\/wp-json\/wp\/v2\/pages\/850\/revisions"}],"predecessor-version":[{"id":1983,"href":"https:\/\/kumonlidice.com.br\/portal\/wp-json\/wp\/v2\/pages\/850\/revisions\/1983"}],"up":[{"embeddable":true,"href":"https:\/\/kumonlidice.com.br\/portal\/wp-json\/wp\/v2\/pages\/9"}],"wp:featuredmedia":[{"embeddable":true,"href":"https:\/\/kumonlidice.com.br\/portal\/wp-json\/"}],"wp:attachment":[{"href":"https:\/\/kumonlidice.com.br\/portal\/wp-json\/wp\/v2\/media?parent=850"}],"curies":[{"name":"wp","href":"https:\/\/api.w.org\/{rel}","templated":true}]}}