{"id":849,"date":"2014-04-28T02:06:55","date_gmt":"2014-04-28T02:06:55","guid":{"rendered":"http:\/\/kumonlidice.com.br\/portal\/?page_id=20"},"modified":"2022-04-04T23:46:45","modified_gmt":"2022-04-05T02:46:45","slug":"rotina-de-aula","status":"publish","type":"page","link":"https:\/\/kumonlidice.com.br\/portal\/metodo-kumon\/rotina-de-aula\/","title":{"rendered":"Rotina de aula"},"content":{"rendered":"<p>&nbsp;<\/p>\n<h4><span style=\"color: #000080;\">Desde o primeiro dia de aula, os alunos s\u00e3o estimulados a desenvolver o autodidatismo, por meio de uma<\/span><\/h4>\n<h4><span style=\"color: #000080;\">rotina de estudo. Nesse momento, os alunos s\u00e3o incentivados a seguir etapas para realizar seus estudos na unidade.<\/span><\/h4>\n<h4><span style=\"color: #000080;\">Veja como isso acontece.<\/span><\/h4>\n<h4><\/h4>\n<h3><img decoding=\"async\" class=\"alignnone size-full wp-image-82\" src=\"https:\/\/kumonlidice.com.br\/portal\/wp-content\/uploads\/2014\/04\/h1_matematica01.gif\" alt=\"h1_matematica01\" width=\"46\" height=\"46\" \/>\u00a0\u00a0<img decoding=\"async\" class=\"alignnone size-full wp-image-169\" src=\"https:\/\/kumonlidice.com.br\/portal\/wp-content\/uploads\/2014\/04\/rotina1.jpg\" alt=\"rotina1\" width=\"94\" height=\"108\" \/><\/h3>\n<h3>Entrada<\/h3>\n<p>O aluno:<\/p>\n<ul>\n<li>Retira a pasta com o boletim e as li\u00e7\u00f5es que resolver\u00e1 em classe;<\/li>\n<li>Entrega as li\u00e7\u00f5es de casa para corre\u00e7\u00e3o.<\/li>\n<\/ul>\n<p>&nbsp;<\/p>\n<h3><img decoding=\"async\" class=\"alignnone size-full wp-image-81\" src=\"https:\/\/kumonlidice.com.br\/portal\/wp-content\/uploads\/2014\/04\/h1_matematica02.gif\" alt=\"h1_matematica02\" width=\"46\" height=\"46\" \/>\u00a0<img loading=\"lazy\" decoding=\"async\" class=\"alignnone size-full wp-image-173\" src=\"https:\/\/kumonlidice.com.br\/portal\/wp-content\/uploads\/2014\/04\/rotina2.jpg\" alt=\"rotina2\" width=\"131\" height=\"86\" \/><\/h3>\n<h3>Tempo<\/h3>\n<p>O aluno:<\/p>\n<p>Anota o hor\u00e1rio de in\u00edcio e t\u00e9rmino de cada li\u00e7\u00e3o;<\/p>\n<h4>O tempo \u00e9 um par\u00e2metro de avalia\u00e7\u00e3o de habilidade e dom\u00ednio do conte\u00fado;<\/h4>\n<p>Desenvolve:<span style=\"color: #000080;\"> concentra\u00e7\u00e3o e responsabilidade<\/span>.<\/p>\n<p>&nbsp;<\/p>\n<h3><img loading=\"lazy\" decoding=\"async\" class=\"alignnone size-full wp-image-80\" src=\"https:\/\/kumonlidice.com.br\/portal\/wp-content\/uploads\/2014\/04\/h1_matematica03.gif\" alt=\"h1_matematica03\" width=\"46\" height=\"46\" \/>\u00a0<img loading=\"lazy\" decoding=\"async\" class=\"alignnone size-full wp-image-177\" src=\"https:\/\/kumonlidice.com.br\/portal\/wp-content\/uploads\/2014\/04\/rotina3.jpg\" alt=\"rotina3\" width=\"130\" height=\"86\" \/><\/h3>\n<h3>Material Did\u00e1tico<\/h3>\n<p>O aluno:<\/p>\n<p>Anota na primeira folha o nome, a data e o hor\u00e1rio de inicio da li\u00e7ao;<\/p>\n<p>Resolve os exerc\u00edcios de acordo com a meta estabelecida pelo orientador;<\/p>\n<p>Desenvolve: <span style=\"color: #000080;\">responsabilidade, comprometimento e persist\u00eancia.<\/span><\/p>\n<p>&nbsp;<\/p>\n<h3><img loading=\"lazy\" decoding=\"async\" class=\"alignnone size-full wp-image-79\" src=\"https:\/\/kumonlidice.com.br\/portal\/wp-content\/uploads\/2014\/04\/h1_matematica04.gif\" alt=\"h1_matematica04\" width=\"46\" height=\"46\" \/>\u00a0<img loading=\"lazy\" decoding=\"async\" class=\"alignnone size-full wp-image-178\" src=\"https:\/\/kumonlidice.com.br\/portal\/wp-content\/uploads\/2014\/04\/rotina4.jpg\" alt=\"rotina4\" width=\"120\" height=\"80\" \/><\/h3>\n<h3>Corre\u00e7\u00e3o<\/h3>\n<p>O alumo:<\/p>\n<p>Entrega a li\u00e7\u00e3o do dia para que seja feita a corre\u00e7\u00e3o pelo orientador ou auxiliar;<\/p>\n<p>Verifica se h\u00e1 corre\u00e7\u00f5es da li\u00e7\u00f5es de casa;<\/p>\n<p>Se houver, faz as corre\u00e7\u00f5es das li\u00e7\u00f5es de classe e de casa at\u00e9 obter a nota 100 em todas as folhas.<\/p>\n<p>Desenvolve:<span style=\"color: #000080;\"> capacidade de aprender com os pr\u00f3prios erros.<\/span><\/p>\n<p>&nbsp;<\/p>\n<h3><img loading=\"lazy\" decoding=\"async\" class=\"alignnone size-full wp-image-78\" src=\"https:\/\/kumonlidice.com.br\/portal\/wp-content\/uploads\/2014\/04\/h1_matematica05.gif\" alt=\"h1_matematica05\" width=\"47\" height=\"46\" \/>\u00a0<img loading=\"lazy\" decoding=\"async\" class=\"alignnone size-full wp-image-180\" src=\"https:\/\/kumonlidice.com.br\/portal\/wp-content\/uploads\/2014\/04\/rotina5.jpg\" alt=\"rotina5\" width=\"252\" height=\"84\" \/><\/h3>\n<h3>Outras Atividades<\/h3>\n<p>O aluno, se necess\u00e1rio:<\/p>\n<p>Faz a leitura em voz alta e\/ou Tabuleiro Imantado. A sua realiza\u00e7\u00e3o depender\u00e1 de diversos fatores:<\/p>\n<p>disciplina, est\u00e1gio, tempo de curso, idade, entre outros;<\/p>\n<p>Faz a leitura de livros de Bibliografia Recomendada do Kumon por 10 a 15 minutos.<\/p>\n<p>Desenvolve: <span style=\"color: #000080;\">capacidade de execu\u00e7\u00e3o de tarefas, concentra\u00e7\u00e3o e vocabul\u00e1rio.<\/span><\/p>\n<p>&nbsp;<\/p>\n<h3><img loading=\"lazy\" decoding=\"async\" class=\"alignnone size-full wp-image-167\" src=\"https:\/\/kumonlidice.com.br\/portal\/wp-content\/uploads\/2014\/04\/h1_matematica06.gif\" alt=\"h1_matematica06\" width=\"46\" height=\"46\" \/>\u00a0<img loading=\"lazy\" decoding=\"async\" class=\"alignnone size-full wp-image-182\" src=\"https:\/\/kumonlidice.com.br\/portal\/wp-content\/uploads\/2014\/04\/rotina6.jpg\" alt=\"rotina6\" width=\"125\" height=\"83\" \/><\/h3>\n<h3>Feedback<\/h3>\n<p>O aluno:<\/p>\n<p>Durante o estudo ou ao final de cada aula, recebe uma avalia\u00e7\u00e3o sobre seu desempenho na li\u00e7\u00e3o do dia;<\/p>\n<p>Recebe a li\u00e7\u00e3o de casa<\/p>\n<p>Desenvolve:<span style=\"color: #000080;\"> capacidade de autoavalia\u00e7\u00e3o.<\/span><\/p>\n","protected":false},"excerpt":{"rendered":"<p>&nbsp; Desde o primeiro dia de aula, os alunos s\u00e3o estimulados a desenvolver o autodidatismo, por meio de uma rotina de estudo. Nesse momento, os alunos s\u00e3o incentivados a seguir etapas para realizar seus estudos na unidade. Veja como isso acontece. \u00a0\u00a0 Entrada O aluno: Retira a pasta com o boletim e as li\u00e7\u00f5es que &#8230; <a title=\"Rotina de aula\" class=\"read-more\" href=\"https:\/\/kumonlidice.com.br\/portal\/metodo-kumon\/rotina-de-aula\/\" aria-label=\"More on Rotina de aula\">Ler mais<\/a><\/p>\n","protected":false},"author":1,"featured_media":82,"parent":9,"menu_order":50,"comment_status":"closed","ping_status":"closed","template":"","meta":{"footnotes":""},"class_list":["post-849","page","type-page","status-publish","has-post-thumbnail"],"_links":{"self":[{"href":"https:\/\/kumonlidice.com.br\/portal\/wp-json\/wp\/v2\/pages\/849","targetHints":{"allow":["GET"]}}],"collection":[{"href":"https:\/\/kumonlidice.com.br\/portal\/wp-json\/wp\/v2\/pages"}],"about":[{"href":"https:\/\/kumonlidice.com.br\/portal\/wp-json\/wp\/v2\/types\/page"}],"author":[{"embeddable":true,"href":"https:\/\/kumonlidice.com.br\/portal\/wp-json\/wp\/v2\/users\/1"}],"replies":[{"embeddable":true,"href":"https:\/\/kumonlidice.com.br\/portal\/wp-json\/wp\/v2\/comments?post=849"}],"version-history":[{"count":1,"href":"https:\/\/kumonlidice.com.br\/portal\/wp-json\/wp\/v2\/pages\/849\/revisions"}],"predecessor-version":[{"id":1731,"href":"https:\/\/kumonlidice.com.br\/portal\/wp-json\/wp\/v2\/pages\/849\/revisions\/1731"}],"up":[{"embeddable":true,"href":"https:\/\/kumonlidice.com.br\/portal\/wp-json\/wp\/v2\/pages\/9"}],"wp:featuredmedia":[{"embeddable":true,"href":"https:\/\/kumonlidice.com.br\/portal\/wp-json\/"}],"wp:attachment":[{"href":"https:\/\/kumonlidice.com.br\/portal\/wp-json\/wp\/v2\/media?parent=849"}],"curies":[{"name":"wp","href":"https:\/\/api.w.org\/{rel}","templated":true}]}}