{"id":847,"date":"2014-04-28T02:03:16","date_gmt":"2014-04-28T02:03:16","guid":{"rendered":"http:\/\/kumonlidice.com.br\/portal\/?page_id=12"},"modified":"2022-04-04T23:44:50","modified_gmt":"2022-04-05T02:44:50","slug":"historia-do-kumon","status":"publish","type":"page","link":"https:\/\/kumonlidice.com.br\/portal\/metodo-kumon\/historia-do-kumon\/","title":{"rendered":"Hist\u00f3ria do Kumon"},"content":{"rendered":"<p class=\"textometodo2\" style=\"color: #000000;\"><img decoding=\"async\" class=\"alignleft wp-image-36\" src=\"https:\/\/kumonlidice.com.br\/portal\/wp-content\/uploads\/2014\/04\/Toru-Kumon.jpg\" alt=\"Toru Kumon\" width=\"178\" height=\"269\" \/>1958, Jap\u00e3o. O Kumon nasceu do amor de um pai e da sua preocupa\u00e7\u00e3o de que o filho tivesse uma vida plena e feliz. O professor de matem\u00e1tica Toru Kumon, desejava que seu filho Takeshi desenvolvesse ao m\u00e1ximo o seu potencial e conseguisse trilhar o pr\u00f3prio caminho. Criou um material did\u00e1tico auto-instrutivo, para que o filho estudasse sem depender dos ensinamentos de algu\u00e9m e orientou-o conforme o ritmo de aprendizagem dele.<\/p>\n<p class=\"textometodo2\" style=\"color: #000000;\">Takeshi alcan\u00e7ou conte\u00fados de n\u00edvel universit\u00e1rio ainda na 6\u00aa s\u00e9rie e desenvolveu autonomia, autoconfian\u00e7a e a postura de buscar novos conhecimentos por si. Os resultados de Takeshi se espalharam e hoje o m\u00e9todo Kumon est\u00e1 presente nos 5 continentes. \u00c9 aplicado em 45 pa\u00edses no mundo, para mais de 4 milh\u00f5es de alunos.<\/p>\n<p class=\"textometodo2\" style=\"color: #000000; text-align: right;\">\n","protected":false},"excerpt":{"rendered":"<p>1958, Jap\u00e3o. O Kumon nasceu do amor de um pai e da sua preocupa\u00e7\u00e3o de que o filho tivesse uma vida plena e feliz. O professor de matem\u00e1tica Toru Kumon, desejava que seu filho Takeshi desenvolvesse ao m\u00e1ximo o seu potencial e conseguisse trilhar o pr\u00f3prio caminho. Criou um material did\u00e1tico auto-instrutivo, para que o &#8230; <a title=\"Hist\u00f3ria do Kumon\" class=\"read-more\" href=\"https:\/\/kumonlidice.com.br\/portal\/metodo-kumon\/historia-do-kumon\/\" aria-label=\"More on Hist\u00f3ria do Kumon\">Ler mais<\/a><\/p>\n","protected":false},"author":1,"featured_media":36,"parent":9,"menu_order":10,"comment_status":"closed","ping_status":"closed","template":"","meta":{"footnotes":""},"class_list":["post-847","page","type-page","status-publish","has-post-thumbnail"],"_links":{"self":[{"href":"https:\/\/kumonlidice.com.br\/portal\/wp-json\/wp\/v2\/pages\/847","targetHints":{"allow":["GET"]}}],"collection":[{"href":"https:\/\/kumonlidice.com.br\/portal\/wp-json\/wp\/v2\/pages"}],"about":[{"href":"https:\/\/kumonlidice.com.br\/portal\/wp-json\/wp\/v2\/types\/page"}],"author":[{"embeddable":true,"href":"https:\/\/kumonlidice.com.br\/portal\/wp-json\/wp\/v2\/users\/1"}],"replies":[{"embeddable":true,"href":"https:\/\/kumonlidice.com.br\/portal\/wp-json\/wp\/v2\/comments?post=847"}],"version-history":[{"count":1,"href":"https:\/\/kumonlidice.com.br\/portal\/wp-json\/wp\/v2\/pages\/847\/revisions"}],"predecessor-version":[{"id":1728,"href":"https:\/\/kumonlidice.com.br\/portal\/wp-json\/wp\/v2\/pages\/847\/revisions\/1728"}],"up":[{"embeddable":true,"href":"https:\/\/kumonlidice.com.br\/portal\/wp-json\/wp\/v2\/pages\/9"}],"wp:featuredmedia":[{"embeddable":true,"href":"https:\/\/kumonlidice.com.br\/portal\/wp-json\/"}],"wp:attachment":[{"href":"https:\/\/kumonlidice.com.br\/portal\/wp-json\/wp\/v2\/media?parent=847"}],"curies":[{"name":"wp","href":"https:\/\/api.w.org\/{rel}","templated":true}]}}