{"id":573,"date":"2015-08-20T11:41:47","date_gmt":"2015-08-20T11:41:47","guid":{"rendered":"http:\/\/kumonlidice.com.br\/portal\/?page_id=573"},"modified":"2022-04-23T11:38:21","modified_gmt":"2022-04-23T14:38:21","slug":"curriculo","status":"publish","type":"page","link":"https:\/\/kumonlidice.com.br\/portal\/contato-2\/curriculo\/","title":{"rendered":"Curr\u00edculo"},"content":{"rendered":"\t\t<div data-elementor-type=\"wp-page\" data-elementor-id=\"573\" class=\"elementor elementor-573\" data-elementor-post-type=\"page\">\n\t\t\t\t\t\t<section class=\"elementor-section elementor-top-section elementor-element elementor-element-6503f20d elementor-section-boxed elementor-section-height-default elementor-section-height-default\" data-id=\"6503f20d\" data-element_type=\"section\">\n\t\t\t\t\t\t<div class=\"elementor-container elementor-column-gap-default\">\n\t\t\t\t\t<div class=\"elementor-column elementor-col-100 elementor-top-column elementor-element elementor-element-342763fd\" data-id=\"342763fd\" data-element_type=\"column\">\n\t\t\t<div class=\"elementor-widget-wrap elementor-element-populated\">\n\t\t\t\t\t\t<div class=\"elementor-element elementor-element-4a226ded elementor-widget elementor-widget-text-editor\" data-id=\"4a226ded\" data-element_type=\"widget\" data-widget_type=\"text-editor.default\">\n\t\t\t\t<div class=\"elementor-widget-container\">\n\t\t\t\t\t\t\t\t\t<p>Voc\u00ea gostaria de fazer parte da equipe de colaboradores do Kumon L\u00eddice?<\/p><p>Ent\u00e3o preencha o formul\u00e1rio abaixo e nos envie seu curr\u00edculo anexado a mensagem.<\/p>\t\t\t\t\t\t\t\t<\/div>\n\t\t\t\t<\/div>\n\t\t\t\t\t<\/div>\n\t\t<\/div>\n\t\t\t\t\t<\/div>\n\t\t<\/section>\n\t\t\t\t<section class=\"elementor-section elementor-top-section elementor-element elementor-element-b9efaa3 elementor-section-boxed elementor-section-height-default elementor-section-height-default\" data-id=\"b9efaa3\" data-element_type=\"section\">\n\t\t\t\t\t\t<div class=\"elementor-container elementor-column-gap-default\">\n\t\t\t\t\t<div class=\"elementor-column elementor-col-100 elementor-top-column elementor-element elementor-element-727a9fe\" data-id=\"727a9fe\" data-element_type=\"column\">\n\t\t\t<div class=\"elementor-widget-wrap elementor-element-populated\">\n\t\t\t\t\t\t<div class=\"elementor-element elementor-element-5e97ab5 elementor-widget elementor-widget-htmega-calderaform-addons\" data-id=\"5e97ab5\" data-element_type=\"widget\" data-widget_type=\"htmega-calderaform-addons.default\">\n\t\t\t\t<div class=\"elementor-widget-container\">\n\t\t\t\t\t<div class=\"caldera-grid\" id=\"caldera_form_1\" data-cf-ver=\"1.9.7\" data-cf-form-id=\"CF626407f144456\"><div id=\"caldera_notices_1\" data-spinner=\"https:\/\/kumonlidice.com.br\/portal\/wp-admin\/images\/spinner.gif\"><\/div><form data-instance=\"1\" class=\"CF626407f144456 caldera_forms_form cfajax-trigger\" method=\"POST\" enctype=\"multipart\/form-data\" id=\"CF626407f144456_1\" data-form-id=\"CF626407f144456\" aria-label=\"Curr&iacute;culo\" data-target=\"#caldera_notices_1\" data-template=\"#cfajax_CF626407f144456-tmpl\" data-cfajax=\"CF626407f144456\" data-load-element=\"_parent\" data-load-class=\"cf_processing\" data-post-disable=\"0\" data-action=\"cf_process_ajax_submit\" data-request=\"https:\/\/kumonlidice.com.br\/portal\/cf-api\/CF626407f144456\" data-hiderows=\"true\">\r\n<input type=\"hidden\" id=\"_cf_verify_CF626407f144456\" name=\"_cf_verify\" value=\"9184d91f13\"  data-nonce-time=\"1777383223\" \/><input type=\"hidden\" name=\"_wp_http_referer\" value=\"\/portal\/wp-json\/wp\/v2\/pages\/573\" \/><div id=\"cf2-CF626407f144456_1\"><\/div><input type=\"hidden\" name=\"_cf_frm_id\" value=\"CF626407f144456\">\r\n<input type=\"hidden\" name=\"_cf_frm_ct\" value=\"1\">\r\n<input type=\"hidden\" name=\"cfajax\" value=\"CF626407f144456\">\r\n<input type=\"hidden\" name=\"_cf_cr_pst\" value=\"573\">\r\n<div class=\"hide\" style=\"display:none; overflow:hidden;height:0;width:0;\">\r\n<label>Nome<\/label><input type=\"text\" name=\"name\" value=\"\" autocomplete=\"off\">\r\n<\/div><div id=\"CF626407f144456_1-row-1\"  class=\"row  first_row\"><div  class=\"col-sm-12  single\"><div class=\"\"><\/div><div data-field-wrapper=\"fld_8768091\" class=\"form-group\" id=\"fld_8768091_1-wrap\">\r\n\t<label id=\"fld_8768091Label\" for=\"fld_8768091_1\" class=\"control-label\">Nome <span aria-hidden=\"true\" role=\"presentation\" class=\"field_required\" style=\"color:#ee0000;\">*<\/span><\/label>\r\n\t<div class=\"\">\r\n\t\t<input   required type=\"text\" data-field=\"fld_8768091\" class=\" form-control\" id=\"fld_8768091_1\" name=\"fld_8768091\" value=\"\" data-type=\"text\" aria-required=\"true\"   aria-labelledby=\"fld_8768091Label\" >\t\t\t<\/div>\r\n<\/div>\r\n<div data-field-wrapper=\"fld_6009157\" class=\"form-group\" id=\"fld_6009157_1-wrap\">\r\n\t<label id=\"fld_6009157Label\" for=\"fld_6009157_1\" class=\"control-label\">E-mail <span aria-hidden=\"true\" role=\"presentation\" class=\"field_required\" style=\"color:#ee0000;\">*<\/span><\/label>\r\n\t<div class=\"\">\r\n\t\t<input   required type=\"email\" data-field=\"fld_6009157\" class=\" form-control\" id=\"fld_6009157_1\" name=\"fld_6009157\" value=\"\" data-type=\"email\" aria-required=\"true\"   aria-labelledby=\"fld_6009157Label\" >\t\t\t<\/div>\r\n<\/div>\r\n<\/div><\/div><div id=\"CF626407f144456_1-row-2\"  class=\"row \"><div  class=\"col-sm-6  first_col\"><div data-field-wrapper=\"fld_6451579\" class=\"form-group\" id=\"fld_6451579_1-wrap\">\r\n\t<label id=\"fld_6451579Label\" for=\"fld_6451579_1\" class=\"control-label\">Celular<\/label>\r\n\t<div class=\"\">\r\n\t\t<input  data-inputmask=\"'mask': '(99)99999-9999'\"   type=\"phone\" data-field=\"fld_6451579\" class=\" form-control\" id=\"fld_6451579_1\" name=\"fld_6451579\" value=\"\" data-type=\"phone\"   aria-labelledby=\"fld_6451579Label\" >\t\t\t<\/div>\r\n<\/div>\r\n<\/div><div  class=\"col-sm-6  last_col\"><div data-field-wrapper=\"fld_182028\" class=\"form-group\" id=\"fld_182028_1-wrap\">\r\n\t<label id=\"fld_182028Label\" for=\"fld_182028_1\" class=\"control-label\">Fixo<\/label>\r\n\t<div class=\"\">\r\n\t\t<input  data-inputmask=\"'mask': '(99)9999-9999'\"   type=\"phone\" data-field=\"fld_182028\" class=\" form-control\" id=\"fld_182028_1\" name=\"fld_182028\" value=\"\" data-type=\"phone\"   aria-labelledby=\"fld_182028Label\" >\t\t\t<\/div>\r\n<\/div>\r\n<\/div><\/div><div id=\"CF626407f144456_1-row-3\"  class=\"row \"><div  class=\"col-sm-12  single\"><div data-field-wrapper=\"fld_2910600\" class=\"form-group\" id=\"fld_2910600_1-wrap\">\r\n\t<label id=\"fld_2910600Label\" for=\"fld_2910600_1\" class=\"control-label\">Anexar curr\u00edculo<\/label>\r\n\t<div class=\"file-prevent-overflow\">\r\n\t\t<div id=\"fld_2910600_1_file_list\" class=\"cf-multi-uploader-list\"><\/div>\n\t\t\t\t<input type=\"file\" name=\"fld_2910600\" value=\"\" data-field=\"fld_2910600\" class=\"\" id=\"fld_2910600_1\" data-controlid=\"trupl69f0b737a1084\"      aria-labelledby=\"fld_2910600Label\" aria-describedby=\"fld_2910600Caption\">\n\t\t<input type=\"hidden\" name=\"fld_2910600\" value=\"trupl69f0b737a1084\">\n\t\t<span id=\"fld_2910600Caption\" class=\"help-block\">Aten\u00e7\u00e3o: Seu anexo ser\u00e1 carregado ap\u00f3s voc\u00ea clicar em enviar, portanto aguarde o carregamento deste documento antes de fechar a p\u00e1gina. Utilize somente documentos do Word, PDF ou texto simples.<\/span>\r\n\t<\/div>\r\n<\/div>\r\n<\/div><\/div><div id=\"CF626407f144456_1-row-4\"  class=\"row \"><div  class=\"col-sm-12  single\"><div data-field-wrapper=\"fld_7683514\" class=\"form-group\" id=\"fld_7683514_1-wrap\">\r\n\t<label id=\"fld_7683514Label\" for=\"fld_7683514_1\" class=\"control-label\">Mensagem <span aria-hidden=\"true\" role=\"presentation\" class=\"field_required\" style=\"color:#ee0000;\">*<\/span><\/label>\r\n\t<div class=\"\">\r\n\t\t<textarea name=\"fld_7683514\" value=\"\" data-field=\"fld_7683514\" class=\"form-control\" id=\"fld_7683514_1\" rows=\"7\"  required=\"required\"  aria-labelledby=\"fld_7683514Label\" ><\/textarea>\n\t\t\t<\/div>\r\n<\/div>\r\n<\/div><\/div><div id=\"CF626407f144456_1-row-5\"  class=\"row  last_row\"><div  class=\"col-sm-12  single\"><div data-field-wrapper=\"fld_7908577\" class=\"form-group\" id=\"fld_7908577_1-wrap\">\r\n<div class=\"\">\r\n\t<input  class=\"btn btn-default\" type=\"submit\" name=\"fld_7908577\" id=\"fld_7908577_1\" value=\"Enviar Mensagem\" data-field=\"fld_7908577\"  >\n<\/div>\r\n<\/div>\r\n\t<input class=\"button_trigger_1\" type=\"hidden\" name=\"fld_7908577\" id=\"fld_7908577_1_btn\" value=\"\" data-field=\"fld_7908577\"  \/>\n<\/div><\/div><\/form>\r\n<\/div>\r\n\t\t\t\t<\/div>\n\t\t\t\t<\/div>\n\t\t\t\t\t<\/div>\n\t\t<\/div>\n\t\t\t\t\t<\/div>\n\t\t<\/section>\n\t\t\t\t<\/div>\n\t\t","protected":false},"excerpt":{"rendered":"<p>Voc\u00ea gostaria de fazer parte da equipe de colaboradores do Kumon L\u00eddice? Ent\u00e3o preencha o formul\u00e1rio abaixo e nos envie seu curr\u00edculo anexado a mensagem. E-mail Nome * E-mail * Celular Fixo Anexar curr\u00edculo Aten\u00e7\u00e3o: Seu anexo ser\u00e1 carregado ap\u00f3s voc\u00ea clicar em enviar, portanto aguarde o carregamento deste documento antes de fechar a p\u00e1gina. &#8230; <a title=\"Curr\u00edculo\" class=\"read-more\" href=\"https:\/\/kumonlidice.com.br\/portal\/contato-2\/curriculo\/\" aria-label=\"More on Curr\u00edculo\">Ler mais<\/a><\/p>\n","protected":false},"author":1,"featured_media":0,"parent":854,"menu_order":0,"comment_status":"open","ping_status":"closed","template":"","meta":{"footnotes":""},"class_list":["post-573","page","type-page","status-publish"],"_links":{"self":[{"href":"https:\/\/kumonlidice.com.br\/portal\/wp-json\/wp\/v2\/pages\/573","targetHints":{"allow":["GET"]}}],"collection":[{"href":"https:\/\/kumonlidice.com.br\/portal\/wp-json\/wp\/v2\/pages"}],"about":[{"href":"https:\/\/kumonlidice.com.br\/portal\/wp-json\/wp\/v2\/types\/page"}],"author":[{"embeddable":true,"href":"https:\/\/kumonlidice.com.br\/portal\/wp-json\/wp\/v2\/users\/1"}],"replies":[{"embeddable":true,"href":"https:\/\/kumonlidice.com.br\/portal\/wp-json\/wp\/v2\/comments?post=573"}],"version-history":[{"count":13,"href":"https:\/\/kumonlidice.com.br\/portal\/wp-json\/wp\/v2\/pages\/573\/revisions"}],"predecessor-version":[{"id":1934,"href":"https:\/\/kumonlidice.com.br\/portal\/wp-json\/wp\/v2\/pages\/573\/revisions\/1934"}],"up":[{"embeddable":true,"href":"https:\/\/kumonlidice.com.br\/portal\/wp-json\/wp\/v2\/pages\/854"}],"wp:attachment":[{"href":"https:\/\/kumonlidice.com.br\/portal\/wp-json\/wp\/v2\/media?parent=573"}],"curies":[{"name":"wp","href":"https:\/\/api.w.org\/{rel}","templated":true}]}}