{"id":22,"date":"2014-04-28T02:07:52","date_gmt":"2014-04-28T02:07:52","guid":{"rendered":"http:\/\/kumonlidice.com.br\/portal\/?page_id=22"},"modified":"2022-04-23T16:51:54","modified_gmt":"2022-04-23T19:51:54","slug":"material-didatico","status":"publish","type":"page","link":"https:\/\/kumonlidice.com.br\/portal\/material-didatico\/","title":{"rendered":"Material Did\u00e1tico"},"content":{"rendered":"<h3>O grau de complexidade do material did\u00e1tico aumenta gradativamente, em pequenos passos<\/h3>\n<p>O material did\u00e1tico do Kumon evolui em passos muito pequenos, permitindo a cada aluno avan\u00e7ar sem problemas de exerc\u00edcios f\u00e1ceis a exerc\u00edcios mais dif\u00edceis, at\u00e9 alcan\u00e7ar o conte\u00fado do ensino m\u00e9dio.<br \/>\nTodo o material did\u00e1tico foi cuidadosamente elaborado para levar os alunos desde conte\u00fados de n\u00edvel pr\u00e9-escolar at\u00e9 temas avan\u00e7ados, com n\u00edvel de dificuldade crescente em pequenos passos. Isso permite aos alunos avan\u00e7arem de forma constante e por conta pr\u00f3pria at\u00e9 a conclus\u00e3o do curso.<\/p>\n<h3>O material did\u00e1tico \u00e9 reformulado segundo o que aprendemos com os alunos<\/h3>\n<p>O material did\u00e1tico atual do Kumon n\u00e3o \u00e9 o mesmo do in\u00edcio. Originalmente, havia muito menos conte\u00fado, e todo o material did\u00e1tico foi feito \u00e0 m\u00e3o por Toru Kumon para seu filho Takeshi. Desde ent\u00e3o, as rea\u00e7\u00f5es dos milh\u00f5es de alunos que estudam no Kumon em todo o mundo e os feedbacks dos orientadores s\u00e3o considerados para aprimoramentos do material did\u00e1tico, de modo que seja cada vez mais f\u00e1cil para os alunos estudarem de forma independente. Seguiremos aprendendo com as crian\u00e7as para reformular o material did\u00e1tico, a fim de torn\u00e1-lo ainda mais eficaz para a autoinstru\u00e7\u00e3o.<\/p>\n<p>&nbsp;<\/p>\n<h2 style=\"text-align: center;\">Materiais did\u00e1ticos<\/h2>\n<h3>Portugu\u00eas<\/h3>\n<p>Por meio do material did\u00e1tico de Portugu\u00eas os alunos desenvolvem alta habilidade de leitura. Nos n\u00edveis mais b\u00e1sicos \u00e9 desenvolvida a coordena\u00e7\u00e3o motora para a escrita e a alfabetiza\u00e7\u00e3o. Ao final do curso, os alunos s\u00e3o capazes de ler obras liter\u00e1rias cl\u00e1ssicas e contempor\u00e2neas de todo o mundo, pensando de modo cr\u00edtico sobre as mensagens que elas cont\u00eam. No Kumon tamb\u00e9m utilizamos a Bibliografia Recomendada (BRK), uma lista de livros de diversos g\u00eaneros listados em ordem de dificuldade, para ajudar a promover a leitura entre os alunos. Desde junho de 2021, o material de L\u00edngua P\u00e1tria \u00e9 fornecido em sete l\u00ednguas diferentes para estudos em todo o mundo.<\/p>\n<pre><a href=\"https:\/\/kumonlidice.com.br\/portal\/metodo-kumon\/portugues\/\">Saiba mais<\/a><\/pre>\n<h3><\/h3>\n<h3>Matem\u00e1tica<\/h3>\n<p>Com o programa de Matem\u00e1tica do Kumon, os alunos dominam o conte\u00fado de matem\u00e1tica do Ensino M\u00e9dio por meio da autoinstru\u00e7\u00e3o. O conte\u00fado \u00e9 estruturado em torno de elementos essenciais para o estudo das Derivadas e Integrais, tais como: c\u00e1lculos usando as quatro opera\u00e7\u00f5es, equa\u00e7\u00f5es, fatora\u00e7\u00e3o, fun\u00e7\u00f5es e gr\u00e1ficos. O material tamb\u00e9m foi elaborado para aumentar gradualmente o n\u00edvel de complexidade em pequenos passos para que at\u00e9 mesmo os alunos do Ensino Fundamental ou da pr\u00e9-escola possam avan\u00e7ar rumo ao c\u00e1lculo diferencial e integral por meio da autoinstru\u00e7\u00e3o. Desde junho de 2021, o material de matem\u00e1tica \u00e9 fornecido em onze l\u00ednguas diferentes para estudos em todo o mundo.<\/p>\n<pre><a href=\"https:\/\/kumonlidice.com.br\/portal\/metodo-kumon\/matematica\/\">Saiba mais<\/a><\/pre>\n<h3><\/h3>\n","protected":false},"excerpt":{"rendered":"<p>O grau de complexidade do material did\u00e1tico aumenta gradativamente, em pequenos passos O material did\u00e1tico do Kumon evolui em passos muito pequenos, permitindo a cada aluno avan\u00e7ar sem problemas de exerc\u00edcios f\u00e1ceis a exerc\u00edcios mais dif\u00edceis, at\u00e9 alcan\u00e7ar o conte\u00fado do ensino m\u00e9dio. Todo o material did\u00e1tico foi cuidadosamente elaborado para levar os alunos desde &#8230; <a title=\"Material Did\u00e1tico\" class=\"read-more\" href=\"https:\/\/kumonlidice.com.br\/portal\/material-didatico\/\" aria-label=\"More on Material Did\u00e1tico\">Ler mais<\/a><\/p>\n","protected":false},"author":1,"featured_media":0,"parent":0,"menu_order":30,"comment_status":"closed","ping_status":"closed","template":"","meta":{"footnotes":""},"class_list":["post-22","page","type-page","status-publish"],"_links":{"self":[{"href":"https:\/\/kumonlidice.com.br\/portal\/wp-json\/wp\/v2\/pages\/22","targetHints":{"allow":["GET"]}}],"collection":[{"href":"https:\/\/kumonlidice.com.br\/portal\/wp-json\/wp\/v2\/pages"}],"about":[{"href":"https:\/\/kumonlidice.com.br\/portal\/wp-json\/wp\/v2\/types\/page"}],"author":[{"embeddable":true,"href":"https:\/\/kumonlidice.com.br\/portal\/wp-json\/wp\/v2\/users\/1"}],"replies":[{"embeddable":true,"href":"https:\/\/kumonlidice.com.br\/portal\/wp-json\/wp\/v2\/comments?post=22"}],"version-history":[{"count":14,"href":"https:\/\/kumonlidice.com.br\/portal\/wp-json\/wp\/v2\/pages\/22\/revisions"}],"predecessor-version":[{"id":2009,"href":"https:\/\/kumonlidice.com.br\/portal\/wp-json\/wp\/v2\/pages\/22\/revisions\/2009"}],"wp:attachment":[{"href":"https:\/\/kumonlidice.com.br\/portal\/wp-json\/wp\/v2\/media?parent=22"}],"curies":[{"name":"wp","href":"https:\/\/api.w.org\/{rel}","templated":true}]}}