{"id":114,"date":"2014-04-28T15:21:50","date_gmt":"2014-04-28T15:21:50","guid":{"rendered":"http:\/\/kumonlidice.com.br\/portal\/?page_id=114"},"modified":"2022-04-04T23:49:08","modified_gmt":"2022-04-05T02:49:08","slug":"ensino-fundamental-2","status":"publish","type":"page","link":"https:\/\/kumonlidice.com.br\/portal\/etapas-do-ensino\/ensino-fundamental-2\/","title":{"rendered":"Ensino Fundamental 2"},"content":{"rendered":"<h3>Confian\u00e7a no Ensino Fundamental 2<\/h3>\n<p>Se voc\u00ea espera que seu filho mantenha um bom desempenho no Ensino Fundamental 2, quando os conte\u00fados ficam mais complexos, e que sempre tenha boas notas, o Kumon \u00e9 o suporte para que isso aconte\u00e7a.<\/p>\n<p style=\"text-align: justify;\">No m\u00e9todo Kumon, n\u00e3o se ensina ao aluno como resolver o material. Ele \u00e9 conduzido pelo orientador a buscar sozinho a solu\u00e7\u00e3o dos exerc\u00edcios e, assim, avan\u00e7ar gradualmente. Desta forma, continuando os estudos, seu filho desenvolver\u00e1 a capacidade de ler e realizar c\u00e1lculos atividades fundamentais em qualquer disciplina. E o melhor: tudo isso nutrindo a capacidade de pensar por si s\u00f3, o que lhe dar\u00e1 autoconfian\u00e7a nos estudos e estabilidade no desempenho escolar. Esta seguran\u00e7a ir\u00e1 acompanh\u00e1-lo at\u00e9 o Ensino M\u00e9dio, quando os conte\u00fados ficam mais dif\u00edceis e ele poder\u00e1 continuar se desenvolvendo com tranquilidade.<\/p>\n<p style=\"text-align: justify;\">.<\/p>\n<h3>Seguran\u00e7a no Ensino M\u00e9dio, ingresso na faculdade desejada<\/h3>\n<p style=\"text-align: justify;\">Se voc\u00ea anseia que seu filho n\u00e3o enfrente problemas no Ensino M\u00e9dio diante da maior complexidade dos conte\u00fados trabalhados e que ele ingresse na faculdade desejada, o Kumon \u00e9 um aux\u00edlio precioso.<\/p>\n<p style=\"text-align: justify;\">No m\u00e9todo Kumon, \u00e9 poss\u00edvel dominar os conte\u00fados do Ensino M\u00e9dio enquanto o aluno ainda est\u00e1 no Ensino Fundamental. Desta forma, ao ingressar na etapa escolar seguinte, ele pode assistir \u00e0s aulas com tranquilidade, pois ter\u00e1 toda capacidade de acompanhar o que est\u00e1 sendo ensinado.<\/p>\n<p style=\"text-align: justify;\">Al\u00e9m disso, a grande capacidade de realizar c\u00e1lculos e a facilidade de leitura e interpreta\u00e7\u00e3o de texto cultivadas no Kumon ser\u00e3o muito \u00fateis tamb\u00e9m nos vestibulares. O fato de o m\u00e9todo desenvolver em seu filho a capacidade de pensar e de buscar solu\u00e7\u00f5es sozinho trar\u00e1 uma grande vantagem ao longo de toda sua vida acad\u00eamica.<\/p>\n","protected":false},"excerpt":{"rendered":"<p>Confian\u00e7a no Ensino Fundamental 2 Se voc\u00ea espera que seu filho mantenha um bom desempenho no Ensino Fundamental 2, quando os conte\u00fados ficam mais complexos, e que sempre tenha boas notas, o Kumon \u00e9 o suporte para que isso aconte\u00e7a. No m\u00e9todo Kumon, n\u00e3o se ensina ao aluno como resolver o material. Ele \u00e9 conduzido &#8230; <a title=\"Ensino Fundamental 2\" class=\"read-more\" href=\"https:\/\/kumonlidice.com.br\/portal\/etapas-do-ensino\/ensino-fundamental-2\/\" aria-label=\"More on Ensino Fundamental 2\">Ler mais<\/a><\/p>\n","protected":false},"author":1,"featured_media":0,"parent":28,"menu_order":30,"comment_status":"closed","ping_status":"closed","template":"","meta":{"footnotes":""},"class_list":["post-114","page","type-page","status-publish"],"_links":{"self":[{"href":"https:\/\/kumonlidice.com.br\/portal\/wp-json\/wp\/v2\/pages\/114","targetHints":{"allow":["GET"]}}],"collection":[{"href":"https:\/\/kumonlidice.com.br\/portal\/wp-json\/wp\/v2\/pages"}],"about":[{"href":"https:\/\/kumonlidice.com.br\/portal\/wp-json\/wp\/v2\/types\/page"}],"author":[{"embeddable":true,"href":"https:\/\/kumonlidice.com.br\/portal\/wp-json\/wp\/v2\/users\/1"}],"replies":[{"embeddable":true,"href":"https:\/\/kumonlidice.com.br\/portal\/wp-json\/wp\/v2\/comments?post=114"}],"version-history":[{"count":1,"href":"https:\/\/kumonlidice.com.br\/portal\/wp-json\/wp\/v2\/pages\/114\/revisions"}],"predecessor-version":[{"id":1738,"href":"https:\/\/kumonlidice.com.br\/portal\/wp-json\/wp\/v2\/pages\/114\/revisions\/1738"}],"up":[{"embeddable":true,"href":"https:\/\/kumonlidice.com.br\/portal\/wp-json\/wp\/v2\/pages\/28"}],"wp:attachment":[{"href":"https:\/\/kumonlidice.com.br\/portal\/wp-json\/wp\/v2\/media?parent=114"}],"curies":[{"name":"wp","href":"https:\/\/api.w.org\/{rel}","templated":true}]}}